{"id":15,"date":"2024-03-17T10:16:43","date_gmt":"2024-03-17T10:16:43","guid":{"rendered":"https:\/\/jonnakatto.com\/gentempo-africa\/team\/"},"modified":"2024-04-03T17:58:57","modified_gmt":"2024-04-03T17:58:57","slug":"people","status":"publish","type":"page","link":"https:\/\/jonnakatto.com\/gentempo-africa\/people\/","title":{"rendered":"People"},"content":{"rendered":"\n<div class=\"wp-block-group alignfull has-background-background-color has-background has-global-padding is-layout-constrained wp-container-core-group-is-layout-eed7453c wp-block-group-is-layout-constrained\" style=\"margin-top:0;margin-bottom:0;padding-top:0;padding-right:0;padding-left:0\">\n<div class=\"wp-block-cover alignfull ext-import\" style=\"padding-top:0;padding-right:var(--wp--preset--spacing--30);padding-bottom:0;padding-left:var(--wp--preset--spacing--30);min-height:50px;aspect-ratio:unset;\"><span aria-hidden=\"true\" class=\"wp-block-cover__background has-black-background-color has-background-dim-60 has-background-dim\"><\/span><img loading=\"lazy\" decoding=\"async\" width=\"2560\" height=\"1714\" class=\"wp-block-cover__image-background wp-image-56\" alt=\"\" src=\"https:\/\/jonnakatto.com\/gentempo-africa\/wp-content\/uploads\/2024\/03\/Figure_1-1-scaled.jpg\" style=\"object-position:49% 58%\" data-object-fit=\"cover\" data-object-position=\"49% 58%\" srcset=\"https:\/\/jonnakatto.com\/gentempo-africa\/wp-content\/uploads\/2024\/03\/Figure_1-1-scaled.jpg 2560w, https:\/\/jonnakatto.com\/gentempo-africa\/wp-content\/uploads\/2024\/03\/Figure_1-1-300x201.jpg 300w, https:\/\/jonnakatto.com\/gentempo-africa\/wp-content\/uploads\/2024\/03\/Figure_1-1-1024x685.jpg 1024w, https:\/\/jonnakatto.com\/gentempo-africa\/wp-content\/uploads\/2024\/03\/Figure_1-1-768x514.jpg 768w, https:\/\/jonnakatto.com\/gentempo-africa\/wp-content\/uploads\/2024\/03\/Figure_1-1-1536x1028.jpg 1536w, https:\/\/jonnakatto.com\/gentempo-africa\/wp-content\/uploads\/2024\/03\/Figure_1-1-2048x1371.jpg 2048w\" sizes=\"auto, (max-width: 2560px) 100vw, 2560px\" \/><div class=\"wp-block-cover__inner-container is-layout-flow wp-block-cover-is-layout-flow\">\n<div class=\"wp-block-group has-global-padding is-layout-constrained wp-block-group-is-layout-constrained\" style=\"padding-top:var(--wp--preset--spacing--60);padding-bottom:var(--wp--preset--spacing--60)\">\n<div class=\"wp-block-columns alignwide are-vertically-aligned-center is-layout-flex wp-container-core-columns-is-layout-947c9d80 wp-block-columns-is-layout-flex\">\n<div class=\"wp-block-column is-vertically-aligned-center is-layout-flow wp-block-column-is-layout-flow\">\n<h1 class=\"wp-block-heading has-text-color has-x-large-font-size\" style=\"color:#fffffffc\">Meet the People<\/h1>\n<\/div>\n\n\n\n<div class=\"wp-block-column is-vertically-aligned-center is-layout-flow wp-block-column-is-layout-flow\">\n<p class=\"has-text-color\" style=\"color:#fffffffc\"><\/p>\n<\/div>\n<\/div>\n<\/div>\n<\/div><\/div>\n<\/div>\n\n\n\n<div class=\"wp-block-group alignfull has-background-background-color has-background has-global-padding is-layout-constrained wp-container-core-group-is-layout-7276a2bb wp-block-group-is-layout-constrained\" style=\"margin-top:0;margin-bottom:0;padding-top:var(--wp--preset--spacing--60);padding-right:var(--wp--preset--spacing--30);padding-bottom:var(--wp--preset--spacing--60);padding-left:var(--wp--preset--spacing--30)\">\n<div class=\"wp-block-columns alignwide are-vertically-aligned-center is-layout-flex wp-container-core-columns-is-layout-643ced6b wp-block-columns-is-layout-flex\">\n<div class=\"wp-block-column is-vertically-aligned-center is-layout-flow wp-container-core-column-is-layout-119bc444 wp-block-column-is-layout-flow\">\n<div class=\"wp-block-group alignwide has-global-padding is-content-justification-left is-layout-constrained wp-container-core-group-is-layout-8b4c372c wp-block-group-is-layout-constrained\">\n<h3 class=\"wp-block-heading\">Hello and Welcome!<\/h3>\n\n\n\n<p>I am Jonna Katto, an Academy Research Fellow at the University of Helsinki and PI of this project.<\/p>\n\n\n\n<p>In my research, I take an interdisciplinary approach to the study of gender in African pasts that builds on my many years\u2019 experience working at the intersection of oral history, gender studies, and cultural history. Since 2012, I have been conducting research among the Yaawo-speaking communities in northern Mozambique.<\/p>\n\n\n\n<p class=\"has-link-color wp-elements-eb35fe27299c898d3d9c48199a125ed8\">I am author of <a href=\"https:\/\/doi.org\/10.4324\/9780429289354\" target=\"_blank\" rel=\"noopener\" title=\"\"><em>Women\u2019s Lived Landscapes of War and Liberation in Mozambique: Bodily Memory and the Gendered Aesthetics of Belonging<\/em><\/a> (Routledge, 2019). I have also written on emotions in history-telling and the sensory aesthetics of food memories. More recently, I have focused on the deeper gendered histories of power, which has involved combining research in oral history and oral traditions.<\/p>\n\n\n\n<p>My current research project seeks to go even deeper into the past by combining oral history (including oral traditions) with the study of word histories. This involves new and exciting collaborations with experts in African linguistics (especially the Yaawo language) and experts in the historical-comparative study of Bantu languages.<\/p>\n\n\n\n<p>Overall, I am interested in exploring new methodological routes in the research and writing of African gender histories over the long timespan.<\/p>\n<\/div>\n<\/div>\n\n\n\n<div class=\"wp-block-column is-vertically-aligned-center is-layout-flow wp-container-core-column-is-layout-8a368f38 wp-block-column-is-layout-flow\">\n<figure class=\"wp-block-image size-large ext-import\"><img loading=\"lazy\" decoding=\"async\" width=\"1024\" height=\"950\" src=\"https:\/\/jonnakatto.com\/gentempo-africa\/wp-content\/uploads\/2024\/03\/Jonna-1024x950.jpg\" alt=\"\" class=\"wp-image-42\" srcset=\"https:\/\/jonnakatto.com\/gentempo-africa\/wp-content\/uploads\/2024\/03\/Jonna-1024x950.jpg 1024w, https:\/\/jonnakatto.com\/gentempo-africa\/wp-content\/uploads\/2024\/03\/Jonna-300x278.jpg 300w, https:\/\/jonnakatto.com\/gentempo-africa\/wp-content\/uploads\/2024\/03\/Jonna-768x713.jpg 768w, https:\/\/jonnakatto.com\/gentempo-africa\/wp-content\/uploads\/2024\/03\/Jonna-1536x1425.jpg 1536w, https:\/\/jonnakatto.com\/gentempo-africa\/wp-content\/uploads\/2024\/03\/Jonna-2048x1900.jpg 2048w\" sizes=\"auto, (max-width: 1024px) 100vw, 1024px\" \/><\/figure>\n\n\n\n<div class=\"wp-block-group has-tertiary-background-color has-background has-global-padding is-layout-constrained wp-container-core-group-is-layout-24fca791 wp-block-group-is-layout-constrained\" style=\"padding-top:var(--wp--preset--spacing--30);padding-right:24px;padding-bottom:var(--wp--preset--spacing--30);padding-left:24px\">\n<p>DR JONNA KATTO<\/p>\n\n\n\n<div class=\"wp-block-group is-nowrap is-layout-flex wp-container-core-group-is-layout-3b4e9d3e wp-block-group-is-layout-flex\">\n<div class=\"wp-block-group has-global-padding is-layout-constrained wp-block-group-is-layout-constrained\">\n<h4 class=\"wp-block-heading has-text-align-left has-small-font-size\">Academy Research Fellow at the University of Helsinki | Marie Sk\u0142odowska-Curie alumni (Individual Fellowship, Ghent University) | Editor-in-Chief of the Nordic Journal of African Studies.<\/h4>\n\n\n\n<p class=\"has-foreground-color has-text-color has-link-color wp-elements-088d48322b30374e226c002dd0cb2ba5\">See publications <a href=\"https:\/\/researchportal.helsinki.fi\/fi\/persons\/jonna-katto\" target=\"_blank\" rel=\"noopener\" title=\"\">here<\/a>.<\/p>\n<\/div>\n<\/div>\n<\/div>\n<\/div>\n<\/div>\n<\/div>\n\n\n\n<p><\/p>\n\n\n\n<div class=\"wp-block-group alignfull has-background-background-color has-background has-global-padding is-layout-constrained wp-container-core-group-is-layout-7276a2bb wp-block-group-is-layout-constrained\" style=\"margin-top:0;margin-bottom:0;padding-top:var(--wp--preset--spacing--60);padding-right:var(--wp--preset--spacing--30);padding-bottom:var(--wp--preset--spacing--60);padding-left:var(--wp--preset--spacing--30)\">\n<div class=\"wp-block-group alignwide has-global-padding is-content-justification-left is-layout-constrained wp-container-core-group-is-layout-8b4c372c wp-block-group-is-layout-constrained\">\n<h3 class=\"wp-block-heading has-text-align-left\" style=\"margin-top:12px\">Meet the Research Collaborators<\/h3>\n\n\n\n<p class=\"has-text-align-left\" style=\"margin-top:16px\"><\/p>\n<\/div>\n\n\n\n<div class=\"wp-block-columns alignwide is-layout-flex wp-container-core-columns-is-layout-28f84493 wp-block-columns-is-layout-flex\">\n<div class=\"wp-block-column is-layout-flow wp-container-core-column-is-layout-5dafc681 wp-block-column-is-layout-flow\">\n<div class=\"wp-block-group has-global-padding is-layout-constrained wp-block-group-is-layout-constrained\">\n<div class=\"wp-block-columns is-layout-flex wp-container-core-columns-is-layout-13e2ef3f wp-block-columns-is-layout-flex\">\n<div class=\"wp-block-column has-global-padding is-content-justification-right is-layout-constrained wp-container-core-column-is-layout-f1f2ed93 wp-block-column-is-layout-constrained\" style=\"flex-basis:40%\">\n<figure class=\"wp-block-image aligncenter size-full is-style-rounded wp-duotone-272725-e7077d-1\"><img loading=\"lazy\" decoding=\"async\" width=\"96\" height=\"97\" src=\"https:\/\/jonnakatto.com\/gentempo-africa\/wp-content\/uploads\/2024\/03\/extendify-demo-logo.png\" alt=\"\" class=\"wp-image-21\"\/><\/figure>\n<\/div>\n\n\n\n<div class=\"wp-block-column has-global-padding is-content-justification-right is-layout-constrained wp-container-core-column-is-layout-f1f2ed93 wp-block-column-is-layout-constrained\">\n<h4 class=\"wp-block-heading has-text-align-left\" style=\"font-size:clamp(14px, 0.875rem + ((1vw - 3.2px) * 0.625), 20px);\">Domingos Aly<\/h4>\n\n\n\n<p class=\"has-text-align-left has-primary-color has-text-color has-small-font-size\" style=\"margin-top:4px\">Yaawo Language Expert<\/p>\n\n\n\n<p class=\"has-small-font-size\" style=\"margin-top:12px\">Domingos Aly is from N\u2019kalapa, Mavago district in Niassa, Mozambique. He is a teacher by profession and, since 1991, he has worked at the Paulo Samuel Kankhomba and Cristiano Paulo Taimo Secondary Schools in Lichinga. From the year 2000, he has collaborated in the Bilingual Program in the production of teaching manuals. His training on the standardisation of writing in Ciyaawo was guided by Professor Armindo S. A. Ngunga. Domingos Aly is co-author of the alphabetisation books&nbsp;<em>Naciloongola<\/em>, for 3rd Class reading, and&nbsp;<em>Dilaanguka<\/em>. He has also participated in the translation and adaptation of mathematics and natural science manuals, as well as teachers\u2019 manuals.<\/p>\n<\/div>\n<\/div>\n<\/div>\n\n\n\n<div class=\"wp-block-columns is-layout-flex wp-container-core-columns-is-layout-13e2ef3f wp-block-columns-is-layout-flex\">\n<div class=\"wp-block-column is-layout-flow wp-block-column-is-layout-flow\" style=\"flex-basis:40%\">\n<figure class=\"wp-block-image alignright size-full wp-duotone-272725-e7077d-2\"><img loading=\"lazy\" decoding=\"async\" width=\"96\" height=\"97\" src=\"https:\/\/jonnakatto.com\/gentempo-africa\/wp-content\/uploads\/2024\/03\/extendify-demo-logo.png\" alt=\"\" class=\"wp-image-21\"\/><\/figure>\n<\/div>\n\n\n\n<div class=\"wp-block-column is-layout-flow wp-block-column-is-layout-flow\">\n<h4 class=\"wp-block-heading has-text-align-left\" style=\"font-size:clamp(14px, 0.875rem + ((1vw - 3.2px) * 0.625), 20px);\">Paolo Israel<\/h4>\n\n\n\n<p class=\"has-text-align-left has-primary-color has-text-color has-small-font-size\" style=\"margin-top:4px\">Associate Professor of History, <br>University of the Western Cape<\/p>\n\n\n\n<p class=\"has-link-color has-small-font-size wp-elements-9fbbfbce25fb3066ef65844bcc8e92a5\" style=\"margin-top:12px\">Paolo Israel is an anthropologist and historian, currently associate professor at the University of Western Cape. He is author of <em><a href=\"https:\/\/www.ohioswallow.com\/9780821420881\/in-step-with-the-times\/\" target=\"_blank\" rel=\"noopener\" title=\"\">In Step with the Times: Mapiko Masquerades of Mozambique <\/a><\/em>(Ohio University Press, 2014). At present he is working on a nonfiction book titled <em>The Magical Lions of Muidumbe<\/em>, in which he blends interviews, life stories, descriptions of dance and anecdotes to provide a panoramic view of a witch-hunt and also society in Muidumbe (in Cabo Delgado, Mozambique), where it occurred.<\/p>\n<\/div>\n<\/div>\n\n\n\n<div class=\"wp-block-columns is-layout-flex wp-container-core-columns-is-layout-13e2ef3f wp-block-columns-is-layout-flex\">\n<div class=\"wp-block-column is-layout-flow wp-block-column-is-layout-flow\" style=\"flex-basis:40%\">\n<figure class=\"wp-block-image alignright size-full wp-duotone-272725-e7077d-3\"><img loading=\"lazy\" decoding=\"async\" width=\"96\" height=\"97\" src=\"https:\/\/jonnakatto.com\/gentempo-africa\/wp-content\/uploads\/2024\/03\/extendify-demo-logo.png\" alt=\"\" class=\"wp-image-21\"\/><\/figure>\n<\/div>\n\n\n\n<div class=\"wp-block-column is-layout-flow wp-block-column-is-layout-flow\">\n<h4 class=\"wp-block-heading has-text-align-left\" style=\"font-size:clamp(14px, 0.875rem + ((1vw - 3.2px) * 0.625), 20px);\">Julius Taji<\/h4>\n\n\n\n<p class=\"has-text-align-left has-primary-color has-text-color has-small-font-size\" style=\"margin-top:4px\">Senior Lecturer in Linguistics, <br>University of Dar es Salaam<\/p>\n\n\n\n<p class=\"has-link-color has-small-font-size wp-elements-0436bc44a90e331099c78231a3a18795\" style=\"margin-top:12px\">Julius Taji is a senior lecturer in the Department of Foreign Languages and Linguistics, University of Dar es Salaam, and a research associate at the University of the Free State, South Africa. His areas of interest include morphosyntactic structures of Bantu languages, lexicography, and sign language linguistics. Julius has worked extensively on Chiyaawo in Tanzania. His current research focuses on linguistic and sociocultural aspects of plant names among the Yaawo, the formation of these names, and how this naming is intertwined with indigenous knowledge systems. He has also published a <a href=\"https:\/\/www.academia.edu\/43663041\/Yao_English_Swahili_dictionary?source=swp_share\" target=\"_blank\" rel=\"noopener\" title=\"\">Yao-English-Swahili Dictionary <\/a>(Languages of Tanzania Project, 2017).<\/p>\n<\/div>\n<\/div>\n<\/div>\n\n\n\n<div class=\"wp-block-column is-layout-flow wp-container-core-column-is-layout-5dafc681 wp-block-column-is-layout-flow\">\n<div class=\"wp-block-columns is-layout-flex wp-container-core-columns-is-layout-13e2ef3f wp-block-columns-is-layout-flex\">\n<div class=\"wp-block-column is-layout-flow wp-block-column-is-layout-flow\" style=\"flex-basis:40%\">\n<figure class=\"wp-block-image alignright size-full wp-duotone-272725-e7077d-4\"><img loading=\"lazy\" decoding=\"async\" width=\"96\" height=\"97\" src=\"https:\/\/jonnakatto.com\/gentempo-africa\/wp-content\/uploads\/2024\/03\/extendify-demo-logo.png\" alt=\"\" class=\"wp-image-21\"\/><\/figure>\n<\/div>\n\n\n\n<div class=\"wp-block-column is-layout-flow wp-block-column-is-layout-flow\">\n<h4 class=\"wp-block-heading has-text-align-left\" style=\"font-size:clamp(14px, 0.875rem + ((1vw - 3.2px) * 0.625), 20px);\">Koen Bostoen<\/h4>\n\n\n\n<p class=\"has-text-align-left has-primary-color has-text-color has-small-font-size\" style=\"margin-top:4px\">Professor of African Linguistics and Swahili, Ghent University <\/p>\n\n\n\n<p class=\"has-link-color has-small-font-size wp-elements-ae7a597531887a6b794b5683aa94e314\" style=\"margin-top:12px\"><a href=\"https:\/\/research.flw.ugent.be\/en\/koen.bostoen\" target=\"_blank\" rel=\"noopener\" title=\"\">Koen Bostoen&#8217;s<\/a> research focuses on the historical-comparative study of Bantu languages and on interdisciplinary approaches to the African past. He obtained an ERC Starting Grant for the <a href=\"http:\/\/kongoking.net\/\" target=\"_blank\" rel=\"noopener\" title=\"\">KongoKing<\/a> project (2012-2016) and an ERC Consolidator\u2019s Grant for the <a href=\"https:\/\/www.bantufirst.ugent.be\/\" target=\"_blank\" rel=\"noopener\" title=\"\">BantuFirst<\/a> project (2018-2023). Apart from several (co-authored) articles and book chapters in the fields of African (historical) linguistics, archaeology and genetics, he is the author of <a href=\"https:\/\/www.peterlang.com\/document\/1099318\" target=\"_blank\" rel=\"noopener\" title=\"\"><em>Des mots et des pots en bantou: une approche linguistique de l\u2019histoire de la c\u00e9ramique en Afrique<\/em><\/a> (Peter Lang, 2005) and co-editor of a number of books, including <a href=\"https:\/\/www.cambridge.org\/core\/books\/kongo-kingdom\/993B9D58C3348D2157AE5E03F9F00EC7\" target=\"_blank\" rel=\"noopener\" title=\"\"><em>The Kongo Kingdom: Origins, Dynamics and Cosmopolitan Culture of an African Polity<\/em><\/a> (Cambridge University Press, 2018) and <a href=\"https:\/\/langsci-press.org\/catalog\/book\/373\" target=\"_blank\" rel=\"noopener\" title=\"\"><em>On Reconstructing Proto-Bantu Grammar<\/em><\/a> (Language Science Press, 2022).<\/p>\n<\/div>\n<\/div>\n\n\n\n<div class=\"wp-block-columns is-layout-flex wp-container-core-columns-is-layout-13e2ef3f wp-block-columns-is-layout-flex\">\n<div class=\"wp-block-column is-layout-flow wp-block-column-is-layout-flow\" style=\"flex-basis:40%\">\n<figure class=\"wp-block-image alignright size-full wp-duotone-272725-e7077d-5\"><img loading=\"lazy\" decoding=\"async\" width=\"96\" height=\"97\" src=\"https:\/\/jonnakatto.com\/gentempo-africa\/wp-content\/uploads\/2024\/03\/extendify-demo-logo.png\" alt=\"\" class=\"wp-image-21\"\/><\/figure>\n<\/div>\n\n\n\n<div class=\"wp-block-column is-layout-flow wp-block-column-is-layout-flow\">\n<h4 class=\"wp-block-heading has-text-align-left\" style=\"font-size:clamp(14px, 0.875rem + ((1vw - 3.2px) * 0.625), 20px);\">Ahmmardouh Mjaya<\/h4>\n\n\n\n<p class=\"has-text-align-left has-primary-color has-text-color has-small-font-size\" style=\"margin-top:4px\">Senior Lecturer in African Languages and Linguistics, University of Malawi<\/p>\n\n\n\n<p class=\"has-link-color has-small-font-size wp-elements-31cbec9a4726c1a8276077e69cdda8d0\" style=\"margin-top:12px\">Ahmmardouh Mjaya is a lecturer in African Languages and Linguistics and a Ciyaawo language specialist at Chancellor College, University of Malawi. His main expertise and research interests lie in language and literacy. Ahmmardouh is author of <em><a href=\"https:\/\/www.bloomsbury.com\/uk\/literacies-power-and-identities-in-figured-worlds-in-malawi-9781350296176\/\" target=\"_blank\" rel=\"noopener\" title=\"\">Literacies, Power and Identities in Figured Worlds in Malawi <\/a><\/em>(Bloomsbury Academic, 2023). Previously, he was a PI for a UKRI \u2013 GRTA-funded multinational <a href=\"https:\/\/www.uea.ac.uk\/research\/explore\/family-literacy\" target=\"_blank\" rel=\"noopener\" title=\"\">Family Literacy, Indigenous and Intergenerational Learning project<\/a> coordinated by the University of East Anglia (UK) from 2019 to 2022.<\/p>\n<\/div>\n<\/div>\n\n\n\n<div class=\"wp-block-columns is-layout-flex wp-container-core-columns-is-layout-13e2ef3f wp-block-columns-is-layout-flex\">\n<div class=\"wp-block-column is-layout-flow wp-block-column-is-layout-flow\" style=\"flex-basis:40%\">\n<figure class=\"wp-block-image alignright size-full wp-duotone-272725-e7077d-6\"><img loading=\"lazy\" decoding=\"async\" width=\"96\" height=\"97\" src=\"https:\/\/jonnakatto.com\/gentempo-africa\/wp-content\/uploads\/2024\/03\/extendify-demo-logo.png\" alt=\"\" class=\"wp-image-21\"\/><\/figure>\n<\/div>\n\n\n\n<div class=\"wp-block-column is-layout-flow wp-block-column-is-layout-flow\">\n<h4 class=\"wp-block-heading has-text-align-left\" style=\"font-size:clamp(14px, 0.875rem + ((1vw - 3.2px) * 0.625), 20px);\">Tobias Houston<\/h4>\n\n\n\n<p class=\"has-text-align-left has-primary-color has-text-color has-small-font-size\" style=\"margin-top:4px\">Translation Studies Scholar and Research Fellow at the University of the Free State<\/p>\n\n\n\n<p class=\"has-link-color has-small-font-size wp-elements-033e25bc14089f3ce28526a658e43dcc\" style=\"margin-top:12px\"><a href=\"https:\/\/orcid.org\/0000-0001-5977-7699\" target=\"_blank\" rel=\"noopener\" title=\"\">Tobias Houston<\/a> has lived in Lichinga, Niassa Province, Mozambique since 2011 and is currently a Research Fellow at the University of the Free State, South Africa and Project Coordinator of <a href=\"https:\/\/www.youtube.com\/@ciyaawo\" target=\"_blank\" rel=\"noopener\" title=\"\">PROMOTYPAD<\/a> (Projecto Mo\u00e7ambicano de Tradu\u00e7\u00e3o Yaawo da Palavra de Deus) in Lichinga. His main areas of expertise and interest are in translation studies (notably oral translation), theology, history (especially early Ciyaawo texts), and sociolinguistics. Tobias\u2019 recent publications include <a href=\"https:\/\/www.sil.org\/resources\/publications\/entry\/97250\" target=\"_blank\" rel=\"noopener\" title=\"\">\u201cA Sociolinguistic and Extensibility Survey of Ciyawo Language Communities in Mozambique\u2019s Niassa Province\u201d<\/a> (2023), <em>Journal of Language Survey Reports, SIL International <\/em>and <a href=\"https:\/\/doi.org\/10.25159\/2412-4265\/11186\" target=\"_blank\" rel=\"noopener\" title=\"\">\u201cUtenga Wambone \u2014 the \u2018Good News\u2019: An Exploration of Historical Ciyawo Bible Translations and Linguistic Texts\u201d<\/a>, <em>Studia Historiae Ecclesiasticae<\/em> (2022), 48(3):1-18.<\/p>\n<\/div>\n<\/div>\n<\/div>\n<\/div>\n<\/div>\n","protected":false},"excerpt":{"rendered":"<p>Hello and Welcome! I am Jonna Katto, an Academy Research Fellow at the University of Helsinki and PI of this project. In my research, I take an interdisciplinary approach to the study of gender in African pasts that builds on my many years\u2019 experience working at the intersection of oral history, gender studies, and cultural [&hellip;]<\/p>\n","protected":false},"author":1,"featured_media":0,"parent":0,"menu_order":0,"comment_status":"closed","ping_status":"closed","template":"no-title","meta":{"om_disable_all_campaigns":false,"_monsterinsights_skip_tracking":false,"_monsterinsights_sitenote_active":false,"_monsterinsights_sitenote_note":"","_monsterinsights_sitenote_category":0,"_uf_show_specific_survey":0,"_uf_disable_surveys":false,"footnotes":""},"class_list":["post-15","page","type-page","status-publish","hentry"],"aioseo_notices":[],"_links":{"self":[{"href":"https:\/\/jonnakatto.com\/gentempo-africa\/wp-json\/wp\/v2\/pages\/15","targetHints":{"allow":["GET"]}}],"collection":[{"href":"https:\/\/jonnakatto.com\/gentempo-africa\/wp-json\/wp\/v2\/pages"}],"about":[{"href":"https:\/\/jonnakatto.com\/gentempo-africa\/wp-json\/wp\/v2\/types\/page"}],"author":[{"embeddable":true,"href":"https:\/\/jonnakatto.com\/gentempo-africa\/wp-json\/wp\/v2\/users\/1"}],"replies":[{"embeddable":true,"href":"https:\/\/jonnakatto.com\/gentempo-africa\/wp-json\/wp\/v2\/comments?post=15"}],"version-history":[{"count":15,"href":"https:\/\/jonnakatto.com\/gentempo-africa\/wp-json\/wp\/v2\/pages\/15\/revisions"}],"predecessor-version":[{"id":144,"href":"https:\/\/jonnakatto.com\/gentempo-africa\/wp-json\/wp\/v2\/pages\/15\/revisions\/144"}],"wp:attachment":[{"href":"https:\/\/jonnakatto.com\/gentempo-africa\/wp-json\/wp\/v2\/media?parent=15"}],"curies":[{"name":"wp","href":"https:\/\/api.w.org\/{rel}","templated":true}]}}